{"id":66,"date":"2023-05-03T18:09:37","date_gmt":"2023-05-03T18:09:37","guid":{"rendered":"https:\/\/bioabzero.com\/?page_id=66"},"modified":"2023-05-11T16:35:48","modified_gmt":"2023-05-11T16:35:48","slug":"quienes-somos","status":"publish","type":"page","link":"https:\/\/bioabzero.com\/index.php\/quienes-somos\/","title":{"rendered":"Quienes Somos"},"content":{"rendered":"\n\t<section class=\"section\" id=\"section_77589390\">\n\t\t<div class=\"bg section-bg fill bg-fill  bg-loaded\" >\n\n\t\t\t\n\t\t\t\n\t\t\t\n\n\t\t<\/div>\n\n\t\t\n\n\t\t<div class=\"section-content relative\">\n\t\t\t\n\n\t<div id=\"gap-1125284259\" class=\"gap-element clearfix\" style=\"display:block; height:auto;\">\n\t\t\n<style>\n#gap-1125284259 {\n  padding-top: 30px;\n}\n<\/style>\n\t<\/div>\n\t\n\n<div class=\"row\"  id=\"row-1960073360\">\n\n\n\t<div id=\"col-1604517324\" class=\"col medium-12 small-12 large-8\"  >\n\t\t\t\t<div class=\"col-inner\"  >\n\t\t\t\n\t\t\t\n\n\n  <div class=\"banner has-hover\" id=\"banner-2039283932\">\n          <div class=\"banner-inner fill\">\n        <div class=\"banner-bg fill\" >\n            <div class=\"bg fill bg-fill \"><\/div>\n                                    \n                    <\/div>\n\t\t\n        <div class=\"banner-layers container\">\n            <div class=\"fill banner-link\"><\/div>            \n\n\n        <\/div>\n      <\/div>\n\n            \n<style>\n#banner-2039283932 {\n  padding-top: 300px;\n  background-color: rgba(255, 255, 255, 0);\n}\n#banner-2039283932 .bg.bg-loaded {\n  background-image: url(https:\/\/bioabzero.com\/wp-content\/uploads\/2023\/05\/iot-agricultura-inteligente-fondo-arbol-plantacion-manual-1024x576.jpg);\n}\n#banner-2039283932 .ux-shape-divider--top svg {\n  height: 150px;\n  --divider-top-width: 100%;\n}\n#banner-2039283932 .ux-shape-divider--bottom svg {\n  height: 150px;\n  --divider-width: 100%;\n}\n@media (min-width:550px) {\n  #banner-2039283932 {\n    padding-top: 450px;\n  }\n}\n<\/style>\n  <\/div>\n\n\n\n\t\t<\/div>\n\t\t\t\t\t<\/div>\n\n\t\n\n<\/div>\n<div class=\"row align-right\"  id=\"row-23091358\">\n\n\n\t<div id=\"col-1566595579\" class=\"col medium-12 small-12 large-6\"  >\n\t\t\t\t<div class=\"col-inner text-center\" style=\"background-color:rgb(255, 255, 255);\" >\n\t\t\t\n\t\t\t\n\n\t<div id=\"text-1893943894\" class=\"text\">\n\t\t\n\n<h2>Somos El Futuro<\/h2>\n\t\t\n<style>\n#text-1893943894 {\n  font-size: 1.25rem;\n  text-align: center;\n}\n<\/style>\n\t<\/div>\n\t\n\t<div id=\"text-558226905\" class=\"text\">\n\t\t\n\n<p style=\"text-align: center;\">Bio Abzero tiene la misi\u00f3n de entregar a sus clientes el mejor y m\u00e1s innovador modelo de transformaci\u00f3n y aprovechamiento integral de residuos s\u00f3lidos con valorizaci\u00f3n energ\u00e9tica de todo el pa\u00eds. Integrando componentes tecnol\u00f3gicos de vanguardia como algoritmos de inteligencia artificial que permiten hacer una perfecta trazabilidad y administraci\u00f3n de todos los procesos integrados a los modelo de gesti\u00f3n de: Residuos S\u00f3lidos, Extracci\u00f3n y Refinamiento en procesos de Miner\u00eda, y Desarrollo de Biotecnolog\u00eda.<\/p>\n\t\t\n<style>\n#text-558226905 {\n  text-align: center;\n}\n<\/style>\n\t<\/div>\n\t\n<a class=\"button secondary\"  style=\"border-radius:5px;padding:5px 20px 5px 20px;\">\n    <span>cont\u00e1ctanos<\/span>\n  <\/a>\n\n\n\n\t\t<\/div>\n\t\t\t\t\n<style>\n#col-1566595579 > .col-inner {\n  padding: 7% 8% 5% 8%;\n  margin: -50px 0 0px 0px;\n}\n@media (min-width:550px) {\n  #col-1566595579 > .col-inner {\n    padding: 6% 8% 5% 8%;\n  }\n}\n@media (min-width:850px) {\n  #col-1566595579 > .col-inner {\n    padding: 8% 8% 5% 8%;\n    margin: -290px 0px 0px 0px;\n  }\n}\n<\/style>\n\t<\/div>\n\n\t\n\n<\/div>\n<div class=\"row\"  id=\"row-1392388939\">\n\n\n\t<div id=\"col-822305258\" class=\"col small-12 large-12\"  >\n\t\t\t\t<div class=\"col-inner\"  >\n\t\t\t\n\t\t\t\n\n\t<div id=\"text-2054990687\" class=\"text\">\n\t\t\n\n<p style=\"text-align: center;\">Bio Abzero tiene la misi\u00f3n de entregar a sus clientes el mejor y m\u00e1s innovador modelo de transformaci\u00f3n y aprovechamiento integral de residuos s\u00f3lidos con valorizaci\u00f3n energ\u00e9tica de todo el pa\u00eds. Integrando componentes tecnol\u00f3gicos de vanguardia como algoritmos de inteligencia artificial que permiten hacer una perfecta trazabilidad y administraci\u00f3n de todos los procesos integrados a los modelo de gesti\u00f3n de: Residuos S\u00f3lidos, Extracci\u00f3n y Refinamiento en procesos de Miner\u00eda, y Desarrollo de Biotecnolog\u00eda.<\/p>\n\t\t\n<style>\n#text-2054990687 {\n  font-size: 1.15rem;\n  text-align: center;\n}\n<\/style>\n\t<\/div>\n\t\n\t<div id=\"text-1122630076\" class=\"text\">\n\t\t\n\n<h2>Impacto De La Econom\u00eda Circular en los ODS<\/h2>\n\t\t\n<style>\n#text-1122630076 {\n  text-align: center;\n}\n<\/style>\n\t<\/div>\n\t\n\t<div class=\"img has-hover x md-x lg-x y md-y lg-y\" id=\"image_286739812\">\n\t\t\t\t\t\t\t\t<div class=\"img-inner dark\" >\n\t\t\t<img loading=\"lazy\" decoding=\"async\" width=\"1020\" height=\"517\" src=\"https:\/\/bioabzero.com\/wp-content\/uploads\/2023\/05\/ODS-1024x519.png\" class=\"attachment-large size-large\" alt=\"\" srcset=\"https:\/\/bioabzero.com\/wp-content\/uploads\/2023\/05\/ODS-1024x519.png 1024w, https:\/\/bioabzero.com\/wp-content\/uploads\/2023\/05\/ODS-300x152.png 300w, https:\/\/bioabzero.com\/wp-content\/uploads\/2023\/05\/ODS-768x389.png 768w, https:\/\/bioabzero.com\/wp-content\/uploads\/2023\/05\/ODS-1536x779.png 1536w, https:\/\/bioabzero.com\/wp-content\/uploads\/2023\/05\/ODS-2048x1039.png 2048w\" sizes=\"auto, (max-width: 1020px) 100vw, 1020px\" \/>\t\t\t\t\t\t\n\t\t\t\t\t<\/div>\n\t\t\t\t\t\t\t\t\n<style>\n#image_286739812 {\n  width: 100%;\n}\n<\/style>\n\t<\/div>\n\t\n\n\n\t\t<\/div>\n\t\t\t\t\t<\/div>\n\n\t\n\n<\/div>\n\n\t\t<\/div>\n\n\t\t\n<style>\n#section_77589390 {\n  padding-top: 30px;\n  padding-bottom: 30px;\n  background-color: rgb(220, 229, 239);\n}\n#section_77589390 .ux-shape-divider--top svg {\n  height: 150px;\n  --divider-top-width: 100%;\n}\n#section_77589390 .ux-shape-divider--bottom svg {\n  height: 150px;\n  --divider-width: 100%;\n}\n@media (min-width:550px) {\n  #section_77589390 {\n    padding-top: 50px;\n    padding-bottom: 50px;\n  }\n}\n<\/style>\n\t<\/section>\n\t\n\n","protected":false},"excerpt":{"rendered":"","protected":false},"author":1,"featured_media":0,"parent":0,"menu_order":0,"comment_status":"closed","ping_status":"closed","template":"page-blank.php","meta":{"footnotes":""},"class_list":["post-66","page","type-page","status-publish","hentry"],"_links":{"self":[{"href":"https:\/\/bioabzero.com\/index.php\/wp-json\/wp\/v2\/pages\/66","targetHints":{"allow":["GET"]}}],"collection":[{"href":"https:\/\/bioabzero.com\/index.php\/wp-json\/wp\/v2\/pages"}],"about":[{"href":"https:\/\/bioabzero.com\/index.php\/wp-json\/wp\/v2\/types\/page"}],"author":[{"embeddable":true,"href":"https:\/\/bioabzero.com\/index.php\/wp-json\/wp\/v2\/users\/1"}],"replies":[{"embeddable":true,"href":"https:\/\/bioabzero.com\/index.php\/wp-json\/wp\/v2\/comments?post=66"}],"version-history":[{"count":10,"href":"https:\/\/bioabzero.com\/index.php\/wp-json\/wp\/v2\/pages\/66\/revisions"}],"predecessor-version":[{"id":433,"href":"https:\/\/bioabzero.com\/index.php\/wp-json\/wp\/v2\/pages\/66\/revisions\/433"}],"wp:attachment":[{"href":"https:\/\/bioabzero.com\/index.php\/wp-json\/wp\/v2\/media?parent=66"}],"curies":[{"name":"wp","href":"https:\/\/api.w.org\/{rel}","templated":true}]}}