{"id":245,"date":"2023-05-06T14:28:12","date_gmt":"2023-05-06T14:28:12","guid":{"rendered":"https:\/\/bioabzero.com\/?page_id=245"},"modified":"2023-05-08T16:25:22","modified_gmt":"2023-05-08T16:25:22","slug":"sistemas-de-energia-alternativa","status":"publish","type":"page","link":"https:\/\/bioabzero.com\/index.php\/sistemas-de-energia-alternativa\/","title":{"rendered":"Sistemas de Energ\u00eda Alternativa"},"content":{"rendered":"\n\t<section class=\"section\" id=\"section_1714435674\">\n\t\t<div class=\"bg section-bg fill bg-fill  bg-loaded\" >\n\n\t\t\t\n\t\t\t\n\t\t\t\n\n\t\t<\/div>\n\n\t\t\n\n\t\t<div class=\"section-content relative\">\n\t\t\t\n\n<div class=\"row row-collapse row-full-width align-middle align-center\"  id=\"row-963422858\">\n\n\n\t<div id=\"col-1962727336\" class=\"col medium-12 small-12 large-6 medium-col-first\"  >\n\t\t\t\t<div class=\"col-inner\"  >\n\t\t\t\n\t\t\t\n\n\n  <div class=\"banner has-hover has-parallax\" id=\"banner-2050314851\">\n          <div class=\"banner-inner fill\">\n        <div class=\"banner-bg fill\" data-parallax=\"-10\" data-parallax-container=\".banner\" data-parallax-background>\n            <div class=\"bg fill bg-fill \"><\/div>\n                                    \n                    <\/div>\n\t\t\n        <div class=\"banner-layers container\">\n            <div class=\"fill banner-link\"><\/div>            \n\n\n        <\/div>\n      <\/div>\n\n            \n<style>\n#banner-2050314851 {\n  padding-top: 300px;\n  background-color: rgba(255, 255, 255, 0);\n}\n#banner-2050314851 .bg.bg-loaded {\n  background-image: url(https:\/\/bioabzero.com\/wp-content\/uploads\/2023\/05\/paneles-solares-techo-rojo-dia-soleado-nublado-imagen-instalacion-fotovoltaica-1024x683.jpg);\n}\n#banner-2050314851 .bg {\n  background-position: 100% 39%;\n}\n#banner-2050314851 .ux-shape-divider--top svg {\n  height: 150px;\n  --divider-top-width: 100%;\n}\n#banner-2050314851 .ux-shape-divider--bottom svg {\n  height: 150px;\n  --divider-width: 100%;\n}\n@media (min-width:550px) {\n  #banner-2050314851 {\n    padding-top: 400px;\n  }\n}\n@media (min-width:850px) {\n  #banner-2050314851 {\n    padding-top: 550px;\n  }\n}\n<\/style>\n  <\/div>\n\n\n\n\t\t<\/div>\n\t\t\t\t\t<\/div>\n\n\t\n\n\t<div id=\"col-1064794980\" class=\"col index-up medium-12 small-11 large-6\"  >\n\t\t\t\t<div class=\"col-inner\"  >\n\t\t\t\n\t\t\t\n\n\t<div id=\"gap-1392907120\" class=\"gap-element clearfix\" style=\"display:block; height:auto;\">\n\t\t\n<style>\n#gap-1392907120 {\n  padding-top: 30px;\n}\n<\/style>\n\t<\/div>\n\t\n\n<div class=\"row align-center\"  id=\"row-1682371513\">\n\n\n\t<div id=\"col-1995141099\" class=\"col index-up medium-11 small-12 large-12\"  >\n\t\t\t\t<div class=\"col-inner text-center\" style=\"background-color:rgb(255, 255, 255);\" >\n\t\t\t\n\t\t\t\n\n\t<div id=\"text-2969186723\" class=\"text\">\n\t\t\n\n<h2>Sistemas de Energ\u00eda Alternativa<\/h2>\n<p style=\"text-align: center;\">Ofrecemos todo el modelo de an\u00e1lisis dise\u00f1o y construcci\u00f3n de propuestas y proyectos de energ\u00eda alternativa para el sector industrial, institucional oficial y privado y domestico. A particularmente mediante el montaje de sistemas fotovoltaicos (Energ\u00eda Solar) y (generadores el\u00e9ctricos a Bio-gas) que funcionan desde el modelo de las plantas de transformaci\u00f3n y aprovechamiento de residuos s\u00f3lidos.<\/p>\n\t\t\n<style>\n#text-2969186723 {\n  font-size: 1.4rem;\n}\n<\/style>\n\t<\/div>\n\t\n\t<div id=\"stack-4078301941\" class=\"stack stack-row justify-center items-stretch sm:stack-col\">\n\t\t\n\n<a href=\"https:\/\/api.whatsapp.com\/send?phone=573013473670\" target=\"_self\" class=\"button secondary\"  style=\"border-radius:5px;padding:5px 20px 5px 20px;\">\n    <span>habla con un asesor<\/span>\n  <\/a>\n\n\n\n\t\t\n<style>\n#stack-4078301941 > * {\n  --stack-gap: 0.5rem;\n}\n<\/style>\n\t<\/div>\n\t\n\n\t\t<\/div>\n\t\t\t\t\n<style>\n#col-1995141099 > .col-inner {\n  padding: 15% 10% 15% 10%;\n  margin: -100px 0px 0px 0px;\n  border-radius: 5px;\n}\n@media (min-width:550px) {\n  #col-1995141099 > .col-inner {\n    padding: 6% 6% 6% 6%;\n    margin: -150px 0px 0px 0px;\n  }\n}\n@media (min-width:850px) {\n  #col-1995141099 > .col-inner {\n    padding: 7% 10% 7% 10%;\n    margin: 0px 0px 0px -100px;\n  }\n}\n<\/style>\n\t<\/div>\n\n\t\n\n<\/div>\n\n\t\t<\/div>\n\t\t\t\t\n<style>\n#col-1064794980 > .col-inner {\n  padding: 10px 0px 20px 0px;\n}\n@media (min-width:550px) {\n  #col-1064794980 > .col-inner {\n    padding: 35px 0px 30px 0px;\n  }\n}\n@media (min-width:850px) {\n  #col-1064794980 > .col-inner {\n    padding: 0 0px 0px 0px;\n  }\n}\n<\/style>\n\t<\/div>\n\n\t\n\n\n<style>\n#row-963422858 > .col > .col-inner {\n  background-color: rgb(220, 230, 239);\n}\n<\/style>\n<\/div>\n\n\t\t<\/div>\n\n\t\t\n<style>\n#section_1714435674 {\n  padding-top: 0px;\n  padding-bottom: 0px;\n  margin-bottom: 0px;\n  background-color: #91bb08;\n}\n#section_1714435674 .ux-shape-divider--top svg {\n  height: 150px;\n  --divider-top-width: 100%;\n}\n#section_1714435674 .ux-shape-divider--bottom svg {\n  height: 150px;\n  --divider-width: 100%;\n}\n@media (min-width:550px) {\n  #section_1714435674 {\n    padding-top: 0px;\n    padding-bottom: 0px;\n  }\n}\n<\/style>\n\t<\/section>\n\t\n\t<section class=\"section\" id=\"section_390017066\">\n\t\t<div class=\"bg section-bg fill bg-fill  bg-loaded\" >\n\n\t\t\t\n\t\t\t\n\t\t\t\n\n\t\t<\/div>\n\n\t\t\n\n\t\t<div class=\"section-content relative\">\n\t\t\t\n\n<div class=\"row\"  id=\"row-942264906\">\n\n\n\t<div id=\"col-2127876527\" class=\"col medium-3 small-6 large-3\"  >\n\t\t\t\t<div class=\"col-inner\"  >\n\t\t\t\n\t\t\t\n\n\n\t\t<div class=\"icon-box featured-box icon-box-center text-center\"  >\n\t\t\t\t\t<div class=\"icon-box-img\" style=\"width: 93px\">\n\t\t\t\t<div class=\"icon\">\n\t\t\t\t\t<div class=\"icon-inner\" >\n\t\t\t\t\t\t<img loading=\"lazy\" decoding=\"async\" width=\"300\" height=\"300\" src=\"https:\/\/bioabzero.com\/wp-content\/uploads\/2023\/05\/electrical-tower-300x300.png\" class=\"attachment-medium size-medium\" alt=\"\" srcset=\"https:\/\/bioabzero.com\/wp-content\/uploads\/2023\/05\/electrical-tower-300x300.png 300w, https:\/\/bioabzero.com\/wp-content\/uploads\/2023\/05\/electrical-tower-150x150.png 150w, https:\/\/bioabzero.com\/wp-content\/uploads\/2023\/05\/electrical-tower.png 512w\" sizes=\"auto, (max-width: 300px) 100vw, 300px\" \/>\t\t\t\t\t<\/div>\n\t\t\t\t<\/div>\n\t\t\t<\/div>\n\t\t\t\t<div class=\"icon-box-text last-reset\">\n\t\t\t\t\t\t\t\t\t\n\n<h3>Sistemas Fotovoltaicos(An\u00e1lisis, Dise\u00f1o y Montaje)<\/p>\n\n\t\t<\/div>\n\t<\/div>\n\t\n\t\n\n\t\t<\/div>\n\t\t\t\t\t<\/div>\n\n\t\n\n\t<div id=\"col-1278512321\" class=\"col medium-3 small-6 large-3\"  >\n\t\t\t\t<div class=\"col-inner\"  >\n\t\t\t\n\t\t\t\n\n\n\t\t<div class=\"icon-box featured-box icon-box-center text-center\"  >\n\t\t\t\t\t<div class=\"icon-box-img\" style=\"width: 93px\">\n\t\t\t\t<div class=\"icon\">\n\t\t\t\t\t<div class=\"icon-inner\" >\n\t\t\t\t\t\t<img loading=\"lazy\" decoding=\"async\" width=\"300\" height=\"300\" src=\"https:\/\/bioabzero.com\/wp-content\/uploads\/2023\/05\/gas-station-300x300.png\" class=\"attachment-medium size-medium\" alt=\"\" srcset=\"https:\/\/bioabzero.com\/wp-content\/uploads\/2023\/05\/gas-station-300x300.png 300w, https:\/\/bioabzero.com\/wp-content\/uploads\/2023\/05\/gas-station-150x150.png 150w, https:\/\/bioabzero.com\/wp-content\/uploads\/2023\/05\/gas-station.png 512w\" sizes=\"auto, (max-width: 300px) 100vw, 300px\" \/>\t\t\t\t\t<\/div>\n\t\t\t\t<\/div>\n\t\t\t<\/div>\n\t\t\t\t<div class=\"icon-box-text last-reset\">\n\t\t\t\t\t\t\t\t\t\n\n<h3>Generaci\u00f3n el\u00e9ctrica a partir de Bio gas<\/p>\n\n\t\t<\/div>\n\t<\/div>\n\t\n\t\n\n\t\t<\/div>\n\t\t\t\t\t<\/div>\n\n\t\n\n\t<div id=\"col-770981539\" class=\"col medium-3 small-6 large-3\"  >\n\t\t\t\t<div class=\"col-inner\"  >\n\t\t\t\n\t\t\t\n\n\n\t\t<div class=\"icon-box featured-box icon-box-center text-center\"  >\n\t\t\t\t\t<div class=\"icon-box-img\" style=\"width: 93px\">\n\t\t\t\t<div class=\"icon\">\n\t\t\t\t\t<div class=\"icon-inner\" >\n\t\t\t\t\t\t<img loading=\"lazy\" decoding=\"async\" width=\"300\" height=\"300\" src=\"https:\/\/bioabzero.com\/wp-content\/uploads\/2023\/05\/drop-300x300.png\" class=\"attachment-medium size-medium\" alt=\"\" srcset=\"https:\/\/bioabzero.com\/wp-content\/uploads\/2023\/05\/drop-300x300.png 300w, https:\/\/bioabzero.com\/wp-content\/uploads\/2023\/05\/drop-150x150.png 150w, https:\/\/bioabzero.com\/wp-content\/uploads\/2023\/05\/drop.png 512w\" sizes=\"auto, (max-width: 300px) 100vw, 300px\" \/>\t\t\t\t\t<\/div>\n\t\t\t\t<\/div>\n\t\t\t<\/div>\n\t\t\t\t<div class=\"icon-box-text last-reset\">\n\t\t\t\t\t\t\t\t\t\n\n<h3>Hidro generaci\u00f3n por<br \/>\nturbinas en corrientes de<br \/>\nagua de bajo caudal<\/p>\n\n\t\t<\/div>\n\t<\/div>\n\t\n\t\n\n\t\t<\/div>\n\t\t\t\t\t<\/div>\n\n\t\n\n\t<div id=\"col-538656363\" class=\"col medium-3 small-6 large-3\"  >\n\t\t\t\t<div class=\"col-inner\"  >\n\t\t\t\n\t\t\t\n\n\n\t\t<div class=\"icon-box featured-box icon-box-center text-center\"  >\n\t\t\t\t\t<div class=\"icon-box-img\" style=\"width: 93px\">\n\t\t\t\t<div class=\"icon\">\n\t\t\t\t\t<div class=\"icon-inner\" >\n\t\t\t\t\t\t<img loading=\"lazy\" decoding=\"async\" width=\"300\" height=\"300\" src=\"https:\/\/bioabzero.com\/wp-content\/uploads\/2023\/05\/solar-energy-300x300.png\" class=\"attachment-medium size-medium\" alt=\"\" srcset=\"https:\/\/bioabzero.com\/wp-content\/uploads\/2023\/05\/solar-energy-300x300.png 300w, https:\/\/bioabzero.com\/wp-content\/uploads\/2023\/05\/solar-energy-150x150.png 150w, https:\/\/bioabzero.com\/wp-content\/uploads\/2023\/05\/solar-energy.png 512w\" sizes=\"auto, (max-width: 300px) 100vw, 300px\" \/>\t\t\t\t\t<\/div>\n\t\t\t\t<\/div>\n\t\t\t<\/div>\n\t\t\t\t<div class=\"icon-box-text last-reset\">\n\t\t\t\t\t\t\t\t\t\n\n<h3>Generaci\u00f3n el\u00e9ctrica para<br \/>\nconsumo domiciliario o<br \/>\nindustrial<\/p>\n\n\t\t<\/div>\n\t<\/div>\n\t\n\t\n\n\t\t<\/div>\n\t\t\t\t\t<\/div>\n\n\t\n\n<\/div>\n\n\t\t<\/div>\n\n\t\t\n<style>\n#section_390017066 {\n  padding-top: 30px;\n  padding-bottom: 30px;\n}\n#section_390017066 .ux-shape-divider--top svg {\n  height: 150px;\n  --divider-top-width: 100%;\n}\n#section_390017066 .ux-shape-divider--bottom svg {\n  height: 150px;\n  --divider-width: 100%;\n}\n<\/style>\n\t<\/section>\n\t\n\t<section class=\"section dark has-parallax\" id=\"section_2045405043\">\n\t\t<div class=\"bg section-bg fill bg-fill  \" data-parallax-container=\".section\" data-parallax-background data-parallax=\"-8\">\n\n\t\t\t\n\t\t\t<div class=\"section-bg-overlay absolute fill\"><\/div>\n\t\t\t\n\n\t\t<\/div>\n\n\t\t\n\n\t\t<div class=\"section-content relative\">\n\t\t\t\n\n\t<div id=\"gap-1379379536\" class=\"gap-element clearfix\" style=\"display:block; height:auto;\">\n\t\t\n<style>\n#gap-1379379536 {\n  padding-top: 30px;\n}\n<\/style>\n\t<\/div>\n\t\n\n<div class=\"row align-center\"  id=\"row-1229146680\">\n\n\n\t<div id=\"col-1143399089\" class=\"col medium-9 small-12 large-10\"  >\n\t\t\t\t<div class=\"col-inner text-center\"  >\n\t\t\t\n\t\t\t\n\n\t<div id=\"text-4153266588\" class=\"text\">\n\t\t\n\n<h3>Certificaci\u00f3n Bono de Carbono<br Carbono<br \/>\n<\/h3>\n\t\t\n<style>\n#text-4153266588 {\n  font-size: 2.2rem;\n  line-height: 1;\n}\n<\/style>\n\t<\/div>\n\t\n\t<div id=\"text-200973868\" class=\"text\">\n\t\t\n\n<p style=\"text-align: center;\">Los bonos de carbono (conocidos tambi\u00e9n como offsets en ingl\u00e9s o cr\u00e9ditos de compensaci\u00f3n), son reducciones de emisiones o absorciones de Gases Efecto Invernadero \u2013 GEI resultantes de iniciativas de mitigaci\u00f3n, validados y verificados bajo est\u00e1ndares espec\u00edficos o en el marco de programas de certificaci\u00f3n. Cada cr\u00e9dito de carbono representa una tonelada de CO2 equivalente reducida o removida de la atm\u00f3sfera. La denominaci\u00f3n de bonos de carbono generalmente se utiliza para identificar las unidades de carbono que se transan a trav\u00e9s de mercados voluntarios.<\/p>\n\t\t\n<style>\n#text-200973868 {\n  font-size: 1.3rem;\n}\n<\/style>\n\t<\/div>\n\t\n\n\t\t<\/div>\n\t\t\t\t\t<\/div>\n\n\t\n\n<\/div>\n\n\t\t<\/div>\n\n\t\t\n<style>\n#section_2045405043 {\n  padding-top: 30px;\n  padding-bottom: 30px;\n  min-height: 600px;\n}\n#section_2045405043 .section-bg-overlay {\n  background-color: rgba(0, 0, 0, 0.657);\n}\n#section_2045405043 .section-bg.bg-loaded {\n  background-image: url(https:\/\/bioabzero.com\/wp-content\/uploads\/2023\/05\/arbol-bombilla-luz-solar-suelo-concepto-ahorra-energia-mundial-energetica.jpg);\n}\n#section_2045405043 .section-bg {\n  background-position: 82% 52%;\n}\n#section_2045405043 .ux-shape-divider--top svg {\n  height: 150px;\n  --divider-top-width: 100%;\n}\n#section_2045405043 .ux-shape-divider--bottom svg {\n  height: 150px;\n  --divider-width: 100%;\n}\n@media (min-width:850px) {\n  #section_2045405043 {\n    min-height: 0px;\n  }\n}\n<\/style>\n\t<\/section>\n\t\n\n","protected":false},"excerpt":{"rendered":"","protected":false},"author":1,"featured_media":0,"parent":0,"menu_order":0,"comment_status":"closed","ping_status":"closed","template":"page-blank.php","meta":{"footnotes":""},"class_list":["post-245","page","type-page","status-publish","hentry"],"_links":{"self":[{"href":"https:\/\/bioabzero.com\/index.php\/wp-json\/wp\/v2\/pages\/245","targetHints":{"allow":["GET"]}}],"collection":[{"href":"https:\/\/bioabzero.com\/index.php\/wp-json\/wp\/v2\/pages"}],"about":[{"href":"https:\/\/bioabzero.com\/index.php\/wp-json\/wp\/v2\/types\/page"}],"author":[{"embeddable":true,"href":"https:\/\/bioabzero.com\/index.php\/wp-json\/wp\/v2\/users\/1"}],"replies":[{"embeddable":true,"href":"https:\/\/bioabzero.com\/index.php\/wp-json\/wp\/v2\/comments?post=245"}],"version-history":[{"count":16,"href":"https:\/\/bioabzero.com\/index.php\/wp-json\/wp\/v2\/pages\/245\/revisions"}],"predecessor-version":[{"id":365,"href":"https:\/\/bioabzero.com\/index.php\/wp-json\/wp\/v2\/pages\/245\/revisions\/365"}],"wp:attachment":[{"href":"https:\/\/bioabzero.com\/index.php\/wp-json\/wp\/v2\/media?parent=245"}],"curies":[{"name":"wp","href":"https:\/\/api.w.org\/{rel}","templated":true}]}}