{"id":244,"date":"2023-05-06T14:29:50","date_gmt":"2023-05-06T14:29:50","guid":{"rendered":"https:\/\/bioabzero.com\/?page_id=244"},"modified":"2023-05-11T16:33:36","modified_gmt":"2023-05-11T16:33:36","slug":"biotecnologia-e-inteligencia-artificial-aplicada-a-procesos","status":"publish","type":"page","link":"https:\/\/bioabzero.com\/index.php\/biotecnologia-e-inteligencia-artificial-aplicada-a-procesos\/","title":{"rendered":"Biotecnolog\u00eda e inteligencia Artificial Aplicada a Procesos"},"content":{"rendered":"\n\t<section class=\"section dark has-parallax\" id=\"section_1891533606\">\n\t\t<div class=\"bg section-bg fill bg-fill  \" data-parallax-container=\".section\" data-parallax-background data-parallax=\"-10\">\n\n\t\t\t\n\t\t\t<div class=\"section-bg-overlay absolute fill\"><\/div>\n\t\t\t\n\n\t\t<\/div>\n\n\t\t\n\n\t\t<div class=\"section-content relative\">\n\t\t\t\n\n\t<div id=\"gap-1192516664\" class=\"gap-element clearfix\" style=\"display:block; height:auto;\">\n\t\t\n<style>\n#gap-1192516664 {\n  padding-top: 30px;\n}\n<\/style>\n\t<\/div>\n\t\n\n<div class=\"row align-center\"  id=\"row-1757992527\">\n\n\n\t<div id=\"col-1678230794\" class=\"col medium-9 small-12 large-8\"  >\n\t\t\t\t<div class=\"col-inner text-center\"  >\n\t\t\t\n\t\t\t\n\n\t<div id=\"text-1194318757\" class=\"text\">\n\t\t\n\n<h3>Biotecnolog\u00eda inteligencia Artificial Aplicada a Procesos<\/h3>\n\t\t\n<style>\n#text-1194318757 {\n  font-size: 2.3rem;\n  line-height: 1;\n}\n<\/style>\n\t<\/div>\n\t\n\t<div id=\"text-4097416546\" class=\"text\">\n\t\t\n\n<p>Nuestra empresa apuesta al usos de aplicaciones y algoritmos de inteligencia artificial para el control y mejoramiento de la eficiencia en proyectos y procesos. Articulando tambi\u00e9n el an\u00e1lisis de sistemas de implementaci\u00f3n de Biotecnolog\u00eda en la soluci\u00f3n o mejoramiento de procesos que sean susceptibles de hacerlo dentro de objeto productivo.<\/p>\n\t\t\n<style>\n#text-4097416546 {\n  font-size: 1.3rem;\n}\n<\/style>\n\t<\/div>\n\t\n<a href=\"https:\/\/api.whatsapp.com\/send?phone=573013473670\" target=\"_self\" class=\"button secondary\"  style=\"border-radius:5px;padding:7px 30px 7px 30px;\">\n    <span>cont\u00e1ctanos<\/span>\n  <\/a>\n\n\n\n\t\t<\/div>\n\t\t\t\t\t<\/div>\n\n\t\n\n<\/div>\n\n\t\t<\/div>\n\n\t\t\n<style>\n#section_1891533606 {\n  padding-top: 30px;\n  padding-bottom: 30px;\n  min-height: 600px;\n}\n#section_1891533606 .section-bg-overlay {\n  background-color: rgba(0, 0, 0, 0.68);\n}\n#section_1891533606 .section-bg.bg-loaded {\n  background-image: url(https:\/\/bioabzero.com\/wp-content\/uploads\/2023\/05\/planta-creciendo-pantalla-telefono-celular.jpg);\n}\n#section_1891533606 .ux-shape-divider--top svg {\n  height: 150px;\n  --divider-top-width: 100%;\n}\n#section_1891533606 .ux-shape-divider--bottom svg {\n  height: 150px;\n  --divider-width: 100%;\n}\n@media (min-width:850px) {\n  #section_1891533606 {\n    min-height: 600px;\n  }\n}\n<\/style>\n\t<\/section>\n\t\n<div class=\"row\"  id=\"row-1257541823\">\n\n\n\t<div id=\"col-457378996\" class=\"col medium-3 small-6 large-3\"  >\n\t\t\t\t<div class=\"col-inner\"  >\n\t\t\t\n\t\t\t\n\n\n\t\t<div class=\"icon-box featured-box icon-box-center text-center\"  >\n\t\t\t\t\t<div class=\"icon-box-img\" style=\"width: 93px\">\n\t\t\t\t<div class=\"icon\">\n\t\t\t\t\t<div class=\"icon-inner\" >\n\t\t\t\t\t\t<img loading=\"lazy\" decoding=\"async\" width=\"300\" height=\"300\" src=\"https:\/\/bioabzero.com\/wp-content\/uploads\/2023\/05\/artificial-intelligence-300x300.png\" class=\"attachment-medium size-medium\" alt=\"\" srcset=\"https:\/\/bioabzero.com\/wp-content\/uploads\/2023\/05\/artificial-intelligence-300x300.png 300w, https:\/\/bioabzero.com\/wp-content\/uploads\/2023\/05\/artificial-intelligence-150x150.png 150w, https:\/\/bioabzero.com\/wp-content\/uploads\/2023\/05\/artificial-intelligence.png 512w\" sizes=\"auto, (max-width: 300px) 100vw, 300px\" \/>\t\t\t\t\t<\/div>\n\t\t\t\t<\/div>\n\t\t\t<\/div>\n\t\t\t\t<div class=\"icon-box-text last-reset\">\n\t\t\t\t\t\t\t\t\t\n\n<h3>Aplicaciones especificas para manejo estrat\u00e9gico de l\u00edneas  de negocio asociadas a  modelo ambiental<\/p>\n\n\t\t<\/div>\n\t<\/div>\n\t\n\t\n\n\t\t<\/div>\n\t\t\t\t\t<\/div>\n\n\t\n\n\t<div id=\"col-474845824\" class=\"col medium-3 small-6 large-3\"  >\n\t\t\t\t<div class=\"col-inner\"  >\n\t\t\t\n\t\t\t\n\n\n\t\t<div class=\"icon-box featured-box icon-box-center text-center\"  >\n\t\t\t\t\t<div class=\"icon-box-img\" style=\"width: 93px\">\n\t\t\t\t<div class=\"icon\">\n\t\t\t\t\t<div class=\"icon-inner\" >\n\t\t\t\t\t\t<img loading=\"lazy\" decoding=\"async\" width=\"300\" height=\"300\" src=\"https:\/\/bioabzero.com\/wp-content\/uploads\/2023\/05\/recycle-sign-1-300x300.png\" class=\"attachment-medium size-medium\" alt=\"\" srcset=\"https:\/\/bioabzero.com\/wp-content\/uploads\/2023\/05\/recycle-sign-1-300x300.png 300w, https:\/\/bioabzero.com\/wp-content\/uploads\/2023\/05\/recycle-sign-1-150x150.png 150w, https:\/\/bioabzero.com\/wp-content\/uploads\/2023\/05\/recycle-sign-1.png 512w\" sizes=\"auto, (max-width: 300px) 100vw, 300px\" \/>\t\t\t\t\t<\/div>\n\t\t\t\t<\/div>\n\t\t\t<\/div>\n\t\t\t\t<div class=\"icon-box-text last-reset\">\n\t\t\t\t\t\t\t\t\t\n\n<h3>Sistemas de tratamiento<br \/>\nBiotecnol\u00f3gico de Residuos<\/p>\n\n\t\t<\/div>\n\t<\/div>\n\t\n\t\n\n\t\t<\/div>\n\t\t\t\t\t<\/div>\n\n\t\n\n\t<div id=\"col-1916167440\" class=\"col medium-3 small-6 large-3\"  >\n\t\t\t\t<div class=\"col-inner\"  >\n\t\t\t\n\t\t\t\n\n\n\t\t<div class=\"icon-box featured-box icon-box-center text-center\"  >\n\t\t\t\t\t<div class=\"icon-box-img\" style=\"width: 93px\">\n\t\t\t\t<div class=\"icon\">\n\t\t\t\t\t<div class=\"icon-inner\" >\n\t\t\t\t\t\t<img loading=\"lazy\" decoding=\"async\" width=\"300\" height=\"300\" src=\"https:\/\/bioabzero.com\/wp-content\/uploads\/2023\/05\/electrical-tower-300x300.png\" class=\"attachment-medium size-medium\" alt=\"\" srcset=\"https:\/\/bioabzero.com\/wp-content\/uploads\/2023\/05\/electrical-tower-300x300.png 300w, https:\/\/bioabzero.com\/wp-content\/uploads\/2023\/05\/electrical-tower-150x150.png 150w, https:\/\/bioabzero.com\/wp-content\/uploads\/2023\/05\/electrical-tower.png 512w\" sizes=\"auto, (max-width: 300px) 100vw, 300px\" \/>\t\t\t\t\t<\/div>\n\t\t\t\t<\/div>\n\t\t\t<\/div>\n\t\t\t\t<div class=\"icon-box-text last-reset\">\n\t\t\t\t\t\t\t\t\t\n\n<h3>Sistemas Fotovoltaicos<br \/>\n(An\u00e1lisis, Dise\u00f1o y Montaje)<\/p>\n\n\t\t<\/div>\n\t<\/div>\n\t\n\t\n\n\t\t<\/div>\n\t\t\t\t\t<\/div>\n\n\t\n\n\t<div id=\"col-1848230852\" class=\"col medium-3 small-6 large-3\"  >\n\t\t\t\t<div class=\"col-inner\"  >\n\t\t\t\n\t\t\t\n\n\n\t\t<div class=\"icon-box featured-box icon-box-center text-center\"  >\n\t\t\t\t\t<div class=\"icon-box-img\" style=\"width: 93px\">\n\t\t\t\t<div class=\"icon\">\n\t\t\t\t\t<div class=\"icon-inner\" >\n\t\t\t\t\t\t<img loading=\"lazy\" decoding=\"async\" width=\"300\" height=\"300\" src=\"https:\/\/bioabzero.com\/wp-content\/uploads\/2023\/05\/conveyor-300x300.png\" class=\"attachment-medium size-medium\" alt=\"\" srcset=\"https:\/\/bioabzero.com\/wp-content\/uploads\/2023\/05\/conveyor-300x300.png 300w, https:\/\/bioabzero.com\/wp-content\/uploads\/2023\/05\/conveyor-150x150.png 150w, https:\/\/bioabzero.com\/wp-content\/uploads\/2023\/05\/conveyor.png 512w\" sizes=\"auto, (max-width: 300px) 100vw, 300px\" \/>\t\t\t\t\t<\/div>\n\t\t\t\t<\/div>\n\t\t\t<\/div>\n\t\t\t\t<div class=\"icon-box-text last-reset\">\n\t\t\t\t\t\t\t\t\t\n\n<h3>Mejoramiento de proceso y valor agregado cadenas<br \/>\nproductivas y log\u00edsticas<\/p>\n\n\t\t<\/div>\n\t<\/div>\n\t\n\t\n\n\t\t<\/div>\n\t\t\t\t\t<\/div>\n\n\t\n\n<\/div>\n\n","protected":false},"excerpt":{"rendered":"","protected":false},"author":1,"featured_media":0,"parent":0,"menu_order":0,"comment_status":"closed","ping_status":"closed","template":"page-blank.php","meta":{"footnotes":""},"class_list":["post-244","page","type-page","status-publish","hentry"],"_links":{"self":[{"href":"https:\/\/bioabzero.com\/index.php\/wp-json\/wp\/v2\/pages\/244","targetHints":{"allow":["GET"]}}],"collection":[{"href":"https:\/\/bioabzero.com\/index.php\/wp-json\/wp\/v2\/pages"}],"about":[{"href":"https:\/\/bioabzero.com\/index.php\/wp-json\/wp\/v2\/types\/page"}],"author":[{"embeddable":true,"href":"https:\/\/bioabzero.com\/index.php\/wp-json\/wp\/v2\/users\/1"}],"replies":[{"embeddable":true,"href":"https:\/\/bioabzero.com\/index.php\/wp-json\/wp\/v2\/comments?post=244"}],"version-history":[{"count":13,"href":"https:\/\/bioabzero.com\/index.php\/wp-json\/wp\/v2\/pages\/244\/revisions"}],"predecessor-version":[{"id":383,"href":"https:\/\/bioabzero.com\/index.php\/wp-json\/wp\/v2\/pages\/244\/revisions\/383"}],"wp:attachment":[{"href":"https:\/\/bioabzero.com\/index.php\/wp-json\/wp\/v2\/media?parent=244"}],"curies":[{"name":"wp","href":"https:\/\/api.w.org\/{rel}","templated":true}]}}