{"id":242,"date":"2023-05-06T14:27:41","date_gmt":"2023-05-06T14:27:41","guid":{"rendered":"https:\/\/bioabzero.com\/?page_id=242"},"modified":"2023-05-11T16:44:07","modified_gmt":"2023-05-11T16:44:07","slug":"tecnologia-minero-extractiva-y-negocios-del-sector-minero","status":"publish","type":"page","link":"https:\/\/bioabzero.com\/index.php\/tecnologia-minero-extractiva-y-negocios-del-sector-minero\/","title":{"rendered":"Tecnolog\u00eda biominera para la comercializaci\u00f3n internacional C.I 18 y 24"},"content":{"rendered":"\n\t<section class=\"section\" id=\"section_1345805972\">\n\t\t<div class=\"bg section-bg fill bg-fill  bg-loaded\" >\n\n\t\t\t\n\t\t\t\n\t\t\t\n\n\t\t<\/div>\n\n\t\t\n\n\t\t<div class=\"section-content relative\">\n\t\t\t\n<div class=\"row row-full-width\"  id=\"row-954723966\">\n\n\t<div id=\"col-1970607544\" class=\"col small-12 large-12\"  >\n\t\t\t\t<div class=\"col-inner\"  >\n\t\t\t\n\t\t\t\n\n  <div class=\"banner has-hover has-parallax\" id=\"banner-305384917\">\n          <div class=\"banner-inner fill\">\n        <div class=\"banner-bg fill\" data-parallax=\"-8\" data-parallax-container=\".banner\" data-parallax-background>\n            <div class=\"bg fill bg-fill \"><\/div>\n                                    \n                    <\/div>\n\t\t\n        <div class=\"banner-layers container\">\n            <div class=\"fill banner-link\"><\/div>            \n        <\/div>\n      <\/div>\n\n            \n<style>\n#banner-305384917 {\n  padding-top: 350px;\n  background-color: rgb(212, 225, 231);\n}\n#banner-305384917 .bg.bg-loaded {\n  background-image: url(https:\/\/bioabzero.com\/wp-content\/uploads\/2023\/05\/mina-fosfato-molino-procesamiento-1024x678.jpg);\n}\n#banner-305384917 .bg {\n  background-position: 53% 48%;\n}\n#banner-305384917 .ux-shape-divider--top svg {\n  height: 150px;\n  --divider-top-width: 100%;\n}\n#banner-305384917 .ux-shape-divider--bottom svg {\n  height: 150px;\n  --divider-width: 100%;\n}\n@media (min-width:550px) {\n  #banner-305384917 {\n    padding-top: 500px;\n  }\n}\n<\/style>\n  <\/div>\n\n\n\t\t<\/div>\n\t\t\t\t\n<style>\n#col-1970607544 > .col-inner {\n  padding: 10px 10px 0px 10px;\n}\n@media (min-width:550px) {\n  #col-1970607544 > .col-inner {\n    padding: 30px 30px 0px 30px;\n  }\n}\n<\/style>\n\t<\/div>\n\n\t\n<\/div>\n<div class=\"row row-collapse\"  id=\"row-404103764\">\n\n\t<div id=\"col-754709718\" class=\"col medium-6 small-6 large-6\"  >\n\t\t\t\t<div class=\"col-inner\"  >\n\t\t\t\n\t\t\t\n\t<div id=\"gap-1867759968\" class=\"gap-element clearfix\" style=\"display:block; height:auto;\">\n\t\t\n<style>\n#gap-1867759968 {\n  padding-top: 50px;\n}\n@media (min-width:550px) {\n  #gap-1867759968 {\n    padding-top: 100px;\n  }\n}\n<\/style>\n\t<\/div>\n\t\n\t\t<\/div>\n\t\t\t\t\t<\/div>\n\n\t\n\n\t<div id=\"col-81711248\" class=\"col medium-6 small-6 large-6\"  >\n\t\t\t\t<div class=\"col-inner\"  >\n\t\t\t\n\t<div class=\"is-border\"\n\t\tstyle=\"border-color:rgb(39, 54, 71);border-width:0px 0px 0px 3px;\">\n\t<\/div>\n\t\t\t\n\t<div id=\"gap-1418895842\" class=\"gap-element clearfix\" style=\"display:block; height:auto;\">\n\t\t\n<style>\n#gap-1418895842 {\n  padding-top: 150px;\n}\n<\/style>\n\t<\/div>\n\t\n\t\t<\/div>\n\t\t\t\t\n<style>\n#col-81711248 > .col-inner {\n  margin: -85px 0px 0px 0px;\n}\n<\/style>\n\t<\/div>\n\n\t\n<\/div>\n<div class=\"row align-middle align-center\" style=\"max-width:700px\" id=\"row-1212705837\">\n\n\t<div id=\"col-1175089138\" class=\"col small-12 large-12\"  >\n\t\t\t\t<div class=\"col-inner text-center\"  >\n\t\t\t\n\t\t\t\n\t<div id=\"gap-943541984\" class=\"gap-element clearfix\" style=\"display:block; height:auto;\">\n\t\t\n<style>\n#gap-943541984 {\n  padding-top: 30px;\n}\n<\/style>\n\t<\/div>\n\t\n\t<div id=\"text-559892318\" class=\"text\">\n\t\t\n<h1>Tecnolog\u00eda biominera para la comercializaci\u00f3n internacional  C.I 18 y 24 k<\/h1>\n\t\t\n<style>\n#text-559892318 {\n  font-size: 1rem;\n}\n<\/style>\n\t<\/div>\n\t\n<div class=\"is-divider divider clearfix\" style=\"max-width:110px;background-color:rgb(147, 187, 33);\"><\/div>\n\t<div id=\"text-2475963070\" class=\"text\">\n\t\t\n<p>Intervenimos todo el proceso log\u00edstico desde la extracci\u00f3n y el transporte hasta la venta. Con la experiencia ganada podemos asesorar en los proceso de adquisici\u00f3n y\/o negociaci\u00f3n de t\u00edtulos, material y excedentes.<\/p>\n\t\t\n<style>\n#text-2475963070 {\n  font-size: 1.3rem;\n}\n<\/style>\n\t<\/div>\n\t\n\t\t<\/div>\n\t\t\t\t\t<\/div>\n\n\t\n<\/div>\n<div class=\"row row-collapse\" style=\"max-width:900px\" id=\"row-162011416\">\n\n\t<div id=\"col-2143614656\" class=\"col medium-4 small-12 large-4\"  >\n\t\t\t\t<div class=\"col-inner\"  >\n\t\t\t\n\t\t\t\n\n\t\t<div class=\"icon-box featured-box icon-box-center text-center\"  >\n\t\t\t\t\t<div class=\"icon-box-img\" style=\"width: 69px\">\n\t\t\t\t<div class=\"icon\">\n\t\t\t\t\t<div class=\"icon-inner\" >\n\t\t\t\t\t\t<img loading=\"lazy\" decoding=\"async\" width=\"300\" height=\"300\" src=\"https:\/\/bioabzero.com\/wp-content\/uploads\/2023\/05\/biohazard-300x300.png\" class=\"attachment-medium size-medium\" alt=\"\" srcset=\"https:\/\/bioabzero.com\/wp-content\/uploads\/2023\/05\/biohazard-300x300.png 300w, https:\/\/bioabzero.com\/wp-content\/uploads\/2023\/05\/biohazard-150x150.png 150w, https:\/\/bioabzero.com\/wp-content\/uploads\/2023\/05\/biohazard.png 512w\" sizes=\"auto, (max-width: 300px) 100vw, 300px\" \/>\t\t\t\t\t<\/div>\n\t\t\t\t<\/div>\n\t\t\t<\/div>\n\t\t\t\t<div class=\"icon-box-text last-reset\">\n\t\t\t\t\t\t\t\t\t\n\t<div id=\"text-2843403401\" class=\"text\">\n\t\t\n<h4>Recuperaci\u00f3n de Lodos<br \/>\nContaminados<\/p>\n\t\t\n<style>\n#text-2843403401 {\n  line-height: 1;\n}\n<\/style>\n\t<\/div>\n\t\n\t\t<\/div>\n\t<\/div>\n\t\n\t\n\t<div id=\"gap-911731028\" class=\"gap-element clearfix\" style=\"display:block; height:auto;\">\n\t\t\n<style>\n#gap-911731028 {\n  padding-top: 20px;\n}\n<\/style>\n\t<\/div>\n\t\n\t\t<\/div>\n\t\t\t\t\t<\/div>\n\n\t\n\n\t<div id=\"col-2052738406\" class=\"col medium-4 small-12 large-4\"  >\n\t\t\t\t<div class=\"col-inner\"  >\n\t\t\t\n\t\t\t\n\n\t\t<div class=\"icon-box featured-box icon-box-center text-center\"  >\n\t\t\t\t\t<div class=\"icon-box-img\" style=\"width: 69px\">\n\t\t\t\t<div class=\"icon\">\n\t\t\t\t\t<div class=\"icon-inner\" >\n\t\t\t\t\t\t<img loading=\"lazy\" decoding=\"async\" width=\"300\" height=\"300\" src=\"https:\/\/bioabzero.com\/wp-content\/uploads\/2023\/05\/garden-300x300.png\" class=\"attachment-medium size-medium\" alt=\"\" srcset=\"https:\/\/bioabzero.com\/wp-content\/uploads\/2023\/05\/garden-300x300.png 300w, https:\/\/bioabzero.com\/wp-content\/uploads\/2023\/05\/garden-150x150.png 150w, https:\/\/bioabzero.com\/wp-content\/uploads\/2023\/05\/garden.png 512w\" sizes=\"auto, (max-width: 300px) 100vw, 300px\" \/>\t\t\t\t\t<\/div>\n\t\t\t\t<\/div>\n\t\t\t<\/div>\n\t\t\t\t<div class=\"icon-box-text last-reset\">\n\t\t\t\t\t\t\t\t\t\n\t<div id=\"text-1331619325\" class=\"text\">\n\t\t\n<h4> Recuperaci\u00f3n Bio tecnol\u00f3gica<br \/>\ny reforestaci\u00f3n de zonas de<br \/>\nextracci\u00f3n seg\u00fan Norma<br \/>\nAmbiental<\/p>\n\t\t\n<style>\n#text-1331619325 {\n  line-height: 1;\n}\n<\/style>\n\t<\/div>\n\t\n\t\t<\/div>\n\t<\/div>\n\t\n\t\n\t<div id=\"gap-554585370\" class=\"gap-element clearfix\" style=\"display:block; height:auto;\">\n\t\t\n<style>\n#gap-554585370 {\n  padding-top: 30px;\n}\n<\/style>\n\t<\/div>\n\t\n\t\t<\/div>\n\t\t\t\t\t<\/div>\n\n\t\n\n\t<div id=\"col-445195678\" class=\"col medium-4 small-12 large-4\"  >\n\t\t\t\t<div class=\"col-inner\"  >\n\t\t\t\n\t\t\t\n\n\t\t<div class=\"icon-box featured-box icon-box-center text-center\"  >\n\t\t\t\t\t<div class=\"icon-box-img\" style=\"width: 69px\">\n\t\t\t\t<div class=\"icon\">\n\t\t\t\t\t<div class=\"icon-inner\" >\n\t\t\t\t\t\t<img loading=\"lazy\" decoding=\"async\" width=\"300\" height=\"300\" src=\"https:\/\/bioabzero.com\/wp-content\/uploads\/2023\/05\/environment-300x300.png\" class=\"attachment-medium size-medium\" alt=\"\" srcset=\"https:\/\/bioabzero.com\/wp-content\/uploads\/2023\/05\/environment-300x300.png 300w, https:\/\/bioabzero.com\/wp-content\/uploads\/2023\/05\/environment-150x150.png 150w, https:\/\/bioabzero.com\/wp-content\/uploads\/2023\/05\/environment.png 512w\" sizes=\"auto, (max-width: 300px) 100vw, 300px\" \/>\t\t\t\t\t<\/div>\n\t\t\t\t<\/div>\n\t\t\t<\/div>\n\t\t\t\t<div class=\"icon-box-text last-reset\">\n\t\t\t\t\t\t\t\t\t\n\t<div id=\"text-2054688274\" class=\"text\">\n\t\t\n<h4>Construcci\u00f3n de Planes de<br \/>\nManejo Ambiental<\/p>\n\t\t\n<style>\n#text-2054688274 {\n  line-height: 1;\n}\n<\/style>\n\t<\/div>\n\t\n\t\t<\/div>\n\t<\/div>\n\t\n\t\n\t\t<\/div>\n\t\t\t\t\t<\/div>\n\n\t\n<\/div>\n<div class=\"row row-collapse\" style=\"max-width:900px\" id=\"row-2074478661\">\n\n\t<div id=\"col-961815540\" class=\"col medium-4 small-12 large-4\"  >\n\t\t\t\t<div class=\"col-inner\"  >\n\t\t\t\n\t\t\t\n\t<div id=\"gap-2066732248\" class=\"gap-element clearfix\" style=\"display:block; height:auto;\">\n\t\t\n<style>\n#gap-2066732248 {\n  padding-top: 5px;\n}\n<\/style>\n\t<\/div>\n\t\n\n\t\t<div class=\"icon-box featured-box icon-box-center text-center\"  >\n\t\t\t\t\t<div class=\"icon-box-img\" style=\"width: 75px\">\n\t\t\t\t<div class=\"icon\">\n\t\t\t\t\t<div class=\"icon-inner\" >\n\t\t\t\t\t\t<img loading=\"lazy\" decoding=\"async\" width=\"300\" height=\"300\" src=\"https:\/\/bioabzero.com\/wp-content\/uploads\/2023\/05\/dump-truck-300x300.png\" class=\"attachment-medium size-medium\" alt=\"\" srcset=\"https:\/\/bioabzero.com\/wp-content\/uploads\/2023\/05\/dump-truck-300x300.png 300w, https:\/\/bioabzero.com\/wp-content\/uploads\/2023\/05\/dump-truck-150x150.png 150w, https:\/\/bioabzero.com\/wp-content\/uploads\/2023\/05\/dump-truck.png 512w\" sizes=\"auto, (max-width: 300px) 100vw, 300px\" \/>\t\t\t\t\t<\/div>\n\t\t\t\t<\/div>\n\t\t\t<\/div>\n\t\t\t\t<div class=\"icon-box-text last-reset\">\n\t\t\t\t\t\t\t\t\t\n\t<div id=\"text-2278092032\" class=\"text\">\n\t\t\n<h4>Log\u00edstica de manejo y<br \/>\ntransporte de material<\/p>\n\t\t\n<style>\n#text-2278092032 {\n  line-height: 1;\n}\n<\/style>\n\t<\/div>\n\t\n\t\t<\/div>\n\t<\/div>\n\t\n\t\n\t<div id=\"gap-378945113\" class=\"gap-element clearfix\" style=\"display:block; height:auto;\">\n\t\t\n<style>\n#gap-378945113 {\n  padding-top: 20px;\n}\n<\/style>\n\t<\/div>\n\t\n\t\t<\/div>\n\t\t\t\t\t<\/div>\n\n\t\n\n\t<div id=\"col-1546561270\" class=\"col medium-4 small-12 large-4\"  >\n\t\t\t\t<div class=\"col-inner\"  >\n\t\t\t\n\t\t\t\n\n\t\t<div class=\"icon-box featured-box icon-box-center text-center\"  >\n\t\t\t\t\t<div class=\"icon-box-img\" style=\"width: 75px\">\n\t\t\t\t<div class=\"icon\">\n\t\t\t\t\t<div class=\"icon-inner\" >\n\t\t\t\t\t\t<img loading=\"lazy\" decoding=\"async\" width=\"300\" height=\"300\" src=\"https:\/\/bioabzero.com\/wp-content\/uploads\/2023\/05\/leaf-1-300x300.png\" class=\"attachment-medium size-medium\" alt=\"\" srcset=\"https:\/\/bioabzero.com\/wp-content\/uploads\/2023\/05\/leaf-1-300x300.png 300w, https:\/\/bioabzero.com\/wp-content\/uploads\/2023\/05\/leaf-1-150x150.png 150w, https:\/\/bioabzero.com\/wp-content\/uploads\/2023\/05\/leaf-1.png 512w\" sizes=\"auto, (max-width: 300px) 100vw, 300px\" \/>\t\t\t\t\t<\/div>\n\t\t\t\t<\/div>\n\t\t\t<\/div>\n\t\t\t\t<div class=\"icon-box-text last-reset\">\n\t\t\t\t\t\t\t\t\t\n\t<div id=\"text-3925541473\" class=\"text\">\n\t\t\n<h4> Recuperaci\u00f3n de material<br \/>\nprecioso en excedentes<\/p>\n\t\t\n<style>\n#text-3925541473 {\n  line-height: 1;\n}\n<\/style>\n\t<\/div>\n\t\n\t\t<\/div>\n\t<\/div>\n\t\n\t\n\t\t<\/div>\n\t\t\t\t\t<\/div>\n\n\t\n\n\t<div id=\"col-14746256\" class=\"col medium-4 small-12 large-4\"  >\n\t\t\t\t<div class=\"col-inner\"  >\n\t\t\t\n\t\t\t\n\n\t\t<div class=\"icon-box featured-box icon-box-center text-center\"  >\n\t\t\t\t\t<div class=\"icon-box-img\" style=\"width: 81px\">\n\t\t\t\t<div class=\"icon\">\n\t\t\t\t\t<div class=\"icon-inner\" >\n\t\t\t\t\t\t<img loading=\"lazy\" decoding=\"async\" width=\"300\" height=\"300\" src=\"https:\/\/bioabzero.com\/wp-content\/uploads\/2023\/05\/forest-300x300.png\" class=\"attachment-medium size-medium\" alt=\"\" srcset=\"https:\/\/bioabzero.com\/wp-content\/uploads\/2023\/05\/forest-300x300.png 300w, https:\/\/bioabzero.com\/wp-content\/uploads\/2023\/05\/forest-150x150.png 150w, https:\/\/bioabzero.com\/wp-content\/uploads\/2023\/05\/forest.png 512w\" sizes=\"auto, (max-width: 300px) 100vw, 300px\" \/>\t\t\t\t\t<\/div>\n\t\t\t\t<\/div>\n\t\t\t<\/div>\n\t\t\t\t<div class=\"icon-box-text last-reset\">\n\t\t\t\t\t\t\t\t\t\n\t<div id=\"text-488302589\" class=\"text\">\n\t\t\n<h4>Construcci\u00f3n de activos<br \/>\nambientales (Bosque, reserva<br \/>\nnatural)<\/p>\n\t\t\n<style>\n#text-488302589 {\n  line-height: 1;\n}\n<\/style>\n\t<\/div>\n\t\n\t\t<\/div>\n\t<\/div>\n\t\n\t\n\t\t<\/div>\n\t\t\t\t\t<\/div>\n\n\t\n<\/div>\n\t\t<\/div>\n\n\t\t\n<style>\n#section_1345805972 {\n  padding-top: 30px;\n  padding-bottom: 30px;\n  background-color: rgb(220, 229, 239);\n}\n#section_1345805972 .ux-shape-divider--top svg {\n  height: 150px;\n  --divider-top-width: 100%;\n}\n#section_1345805972 .ux-shape-divider--bottom svg {\n  height: 150px;\n  --divider-width: 100%;\n}\n<\/style>\n\t<\/section>\n\t\n<div class=\"row\"  id=\"row-2096828635\">\n\n\t<div id=\"col-132762738\" class=\"col small-12 large-12\"  >\n\t\t\t\t<div class=\"col-inner\"  >\n\t\t\t\n\t\t\t\n\t<div id=\"text-1098179777\" class=\"text\">\n\t\t\n<h3><span style=\"color: #93bb21;\">Recuperaci\u00f3n Ecol\u00f3gicamente Amigable<\/span><\/h3>\n<p>Desarrollamos nuevos modelos para la recuperaci\u00f3n ecol\u00f3gicamente amigable de material a trav\u00e9s de nuevos enfoques tecnol\u00f3gicos de vanguardia. Esto incluye la recuperaci\u00f3n y restauraci\u00f3n de las \u00e1rea explotadas una vez completado su ciclo seg\u00fan lo establece la ley 685 del 2001 conocida como c\u00f3digo de minas<\/p>\n\t\t\n<style>\n#text-1098179777 {\n  font-size: 1.2rem;\n  text-align: center;\n}\n<\/style>\n\t<\/div>\n\t\n\t\t<\/div>\n\t\t\t\t\t<\/div>\n\n\t\n<\/div>\n","protected":false},"excerpt":{"rendered":"","protected":false},"author":1,"featured_media":0,"parent":0,"menu_order":0,"comment_status":"closed","ping_status":"closed","template":"page-blank.php","meta":{"footnotes":""},"class_list":["post-242","page","type-page","status-publish","hentry"],"_links":{"self":[{"href":"https:\/\/bioabzero.com\/index.php\/wp-json\/wp\/v2\/pages\/242","targetHints":{"allow":["GET"]}}],"collection":[{"href":"https:\/\/bioabzero.com\/index.php\/wp-json\/wp\/v2\/pages"}],"about":[{"href":"https:\/\/bioabzero.com\/index.php\/wp-json\/wp\/v2\/types\/page"}],"author":[{"embeddable":true,"href":"https:\/\/bioabzero.com\/index.php\/wp-json\/wp\/v2\/users\/1"}],"replies":[{"embeddable":true,"href":"https:\/\/bioabzero.com\/index.php\/wp-json\/wp\/v2\/comments?post=242"}],"version-history":[{"count":22,"href":"https:\/\/bioabzero.com\/index.php\/wp-json\/wp\/v2\/pages\/242\/revisions"}],"predecessor-version":[{"id":437,"href":"https:\/\/bioabzero.com\/index.php\/wp-json\/wp\/v2\/pages\/242\/revisions\/437"}],"wp:attachment":[{"href":"https:\/\/bioabzero.com\/index.php\/wp-json\/wp\/v2\/media?parent=242"}],"curies":[{"name":"wp","href":"https:\/\/api.w.org\/{rel}","templated":true}]}}