{"id":240,"date":"2023-05-06T14:26:34","date_gmt":"2023-05-06T14:26:34","guid":{"rendered":"https:\/\/bioabzero.com\/?page_id=240"},"modified":"2023-05-11T16:34:29","modified_gmt":"2023-05-11T16:34:29","slug":"gestion-integral-tecnologica-de-residuos-solidos","status":"publish","type":"page","link":"https:\/\/bioabzero.com\/index.php\/gestion-integral-tecnologica-de-residuos-solidos\/","title":{"rendered":"Gesti\u00f3n Integral Tecnol\u00f3gica de Residuos S\u00f3lidos"},"content":{"rendered":"\n\t<section class=\"section\" id=\"section_1285417415\">\n\t\t<div class=\"bg section-bg fill bg-fill  bg-loaded\" >\n\n\t\t\t\n\t\t\t\n\t\t\t\n\n\t\t<\/div>\n\n\t\t\n\n\t\t<div class=\"section-content relative\">\n\t\t\t\n\n<div class=\"row row-collapse row-full-width align-middle\"  id=\"row-1383746080\">\n\n\n\t<div id=\"col-310995170\" class=\"col medium-12 small-12 large-6\"  >\n\t\t\t\t<div class=\"col-inner\"  >\n\t\t\t\n\t\t\t\n\n<div class=\"row align-center\"  id=\"row-1692500606\">\n\n\n\t<div id=\"col-720201988\" class=\"col medium-10 small-12 large-10\"  >\n\t\t\t\t<div class=\"col-inner text-center\"  >\n\t\t\t\n\t\t\t\n\n\t<div id=\"text-416964107\" class=\"text\">\n\t\t\n\n<h1 class=\"uppercase\"><strong>Gesti\u00f3n Integral Tecnol\u00f3gica de Residuos S\u00f3lidos<\/strong><\/h1>\n\t\t\n<style>\n#text-416964107 {\n  font-size: 1.75rem;\n}\n@media (min-width:550px) {\n  #text-416964107 {\n    font-size: 1.1rem;\n  }\n}\n<\/style>\n\t<\/div>\n\t\n<div class=\"is-divider divider clearfix\" style=\"max-width:100px;background-color:rgb(88, 156, 213);\"><\/div>\n\n<p style=\"text-align: center;\">Nuestra propuesta pone al servicio de la industria e instituciones un modelo de vanguardia para la gesti\u00f3n de residuos solidos domiciliarios e industriales. Dirigido a las entidades territoriales, empresas prestadoras de servicios p\u00fablicos y a industria en general. Apostamos por un modelo que integra atravez de nuestra aplicaci\u00f3n (BioAPPZero) una intervenci\u00f3n integral<\/p>\n\t<div id=\"gap-666028647\" class=\"gap-element clearfix\" style=\"display:block; height:auto;\">\n\t\t\n<style>\n#gap-666028647 {\n  padding-top: 20px;\n}\n@media (min-width:550px) {\n  #gap-666028647 {\n    padding-top: 30px;\n  }\n}\n<\/style>\n\t<\/div>\n\t\n\n<a class=\"button secondary is-shade\"  >\n    <span>\u00bfcont\u00e1ctanos ahora!<\/span>\n  <\/a>\n\n\n\n\t\t<\/div>\n\t\t\t\t\n<style>\n#col-720201988 > .col-inner {\n  padding: 30px 5% 30px 5%;\n}\n@media (min-width:550px) {\n  #col-720201988 > .col-inner {\n    padding: 50px 10% 50px 10%;\n  }\n}\n@media (min-width:850px) {\n  #col-720201988 > .col-inner {\n    padding: 0px 10% 0px 10%;\n  }\n}\n<\/style>\n\t<\/div>\n\n\t\n\n<\/div>\n\n\t\t<\/div>\n\t\t\t\t\t<\/div>\n\n\t\n\n\t<div id=\"col-1255708403\" class=\"col medium-12 small-12 large-6\"  >\n\t\t\t\t<div class=\"col-inner\" style=\"background-color:rgb(255, 255, 255);\" >\n\t\t\t\n\t\t\t\n\n<div class=\"slider-wrapper relative\" id=\"slider-1223730704\" >\n    <div class=\"slider slider-nav-dots-dashes slider-nav-circle slider-nav-large slider-nav-light slider-style-container\"\n        data-flickity-options='{\n            \"cellAlign\": \"center\",\n            \"imagesLoaded\": true,\n            \"lazyLoad\": 1,\n            \"freeScroll\": false,\n            \"wrapAround\": true,\n            \"autoPlay\": 3500,\n            \"pauseAutoPlayOnHover\" : false,\n            \"prevNextButtons\": false,\n            \"contain\" : true,\n            \"adaptiveHeight\" : true,\n            \"dragThreshold\" : 10,\n            \"percentPosition\": true,\n            \"pageDots\": true,\n            \"rightToLeft\": false,\n            \"draggable\": true,\n            \"selectedAttraction\": 0.1,\n            \"parallax\" : 0,\n            \"friction\": 0.6        }'\n        >\n        \n\n\n  <div class=\"banner has-hover has-parallax\" id=\"banner-1461405099\">\n          <div class=\"banner-inner fill\">\n        <div class=\"banner-bg fill\" data-parallax=\"-8\" data-parallax-container=\".banner\" data-parallax-background>\n            <div class=\"bg fill bg-fill \"><\/div>\n                                    \n                    <\/div>\n\t\t\n        <div class=\"banner-layers container\">\n            <div class=\"fill banner-link\"><\/div>            \n\n   <div id=\"text-box-360814092\" class=\"text-box banner-layer x50 md-x50 lg-x50 y50 md-y50 lg-y50 res-text\">\n                                <div class=\"text-box-content text dark\">\n              \n              <div class=\"text-inner text-center\">\n                  \n\n\n              <\/div>\n           <\/div>\n                            \n<style>\n#text-box-360814092 {\n  width: 60%;\n}\n#text-box-360814092 .text-box-content {\n  font-size: 100%;\n}\n<\/style>\n    <\/div>\n \n\n        <\/div>\n      <\/div>\n\n            \n<style>\n#banner-1461405099 {\n  padding-top: 300px;\n  background-color: rgba(255, 255, 255, 0);\n}\n#banner-1461405099 .bg.bg-loaded {\n  background-image: url(https:\/\/bioabzero.com\/wp-content\/uploads\/2023\/05\/mujer-biotecnologa-inspeccionando-plantas-macetas-vivero-plantas-escribiendo-notas-portapapeles.jpg);\n}\n#banner-1461405099 .ux-shape-divider--top svg {\n  height: 150px;\n  --divider-top-width: 100%;\n}\n#banner-1461405099 .ux-shape-divider--bottom svg {\n  height: 150px;\n  --divider-width: 100%;\n}\n@media (min-width:550px) {\n  #banner-1461405099 {\n    padding-top: 450px;\n  }\n}\n@media (min-width:850px) {\n  #banner-1461405099 {\n    padding-top: 550px;\n  }\n}\n<\/style>\n  <\/div>\n\n\n\n     <\/div>\n\n     <div class=\"loading-spin dark large centered\"><\/div>\n\n     \t<\/div>\n\n\n<div class=\"row\"  id=\"row-1016057029\">\n\n\n\t<div id=\"col-397859576\" class=\"col small-12 large-12\"  >\n\t\t\t\t<div class=\"col-inner\"  >\n\t\t\t\n\t\t\t\n\n\t<div id=\"text-1875507245\" class=\"text\">\n\t\t\n\n<h2>Productos<\/h2>\n\t\t\n<style>\n#text-1875507245 {\n  text-align: center;\n}\n<\/style>\n\t<\/div>\n\t\n\n\t\t<\/div>\n\t\t\t\t\t<\/div>\n\n\t\n\n<\/div>\n<div class=\"row row-collapse\"  id=\"row-1005003720\">\n\n\n\t<div id=\"col-1121162929\" class=\"col small-12 large-12\"  >\n\t\t\t\t<div class=\"col-inner text-center\"  >\n\t\t\t\n\t\t\t\n\n<div class=\"row\"  id=\"row-639926019\">\n\n\n\t<div id=\"col-952785097\" class=\"col medium-4 small-12 large-4\"  >\n\t\t\t\t<div class=\"col-inner\"  >\n\t\t\t\n\t\t\t\n\n\t<div class=\"box has-hover   has-hover box-default box-text-bottom\" >\n\n\t\t<div class=\"box-image\" >\n\t\t\t\t\t\t<div class=\"\" >\n\t\t\t\t<img loading=\"lazy\" decoding=\"async\" width=\"2251\" height=\"2251\" src=\"https:\/\/bioabzero.com\/wp-content\/uploads\/2023\/05\/Sin-titulo-1-02.jpg\" class=\"attachment- size-\" alt=\"\" srcset=\"https:\/\/bioabzero.com\/wp-content\/uploads\/2023\/05\/Sin-titulo-1-02.jpg 2251w, https:\/\/bioabzero.com\/wp-content\/uploads\/2023\/05\/Sin-titulo-1-02-300x300.jpg 300w, https:\/\/bioabzero.com\/wp-content\/uploads\/2023\/05\/Sin-titulo-1-02-1024x1024.jpg 1024w, https:\/\/bioabzero.com\/wp-content\/uploads\/2023\/05\/Sin-titulo-1-02-150x150.jpg 150w, https:\/\/bioabzero.com\/wp-content\/uploads\/2023\/05\/Sin-titulo-1-02-768x768.jpg 768w, https:\/\/bioabzero.com\/wp-content\/uploads\/2023\/05\/Sin-titulo-1-02-1536x1536.jpg 1536w, https:\/\/bioabzero.com\/wp-content\/uploads\/2023\/05\/Sin-titulo-1-02-2048x2048.jpg 2048w\" sizes=\"auto, (max-width: 2251px) 100vw, 2251px\" \/>\t\t\t\t\t\t\t\t\t\t\t<\/div>\n\t\t\t\t\t<\/div>\n\n\t\t<div class=\"box-text text-center\" >\n\t\t\t<div class=\"box-text-inner\">\n\t\t\t\t\n\n<h4>Bio Abono S\u00f3lido<\/p>\n\n\t\t\t<\/div>\n\t\t<\/div>\n\t<\/div>\n\t\n\n\t\t<\/div>\n\t\t\t\t\t<\/div>\n\n\t\n\n\t<div id=\"col-1600158602\" class=\"col medium-4 small-12 large-4\"  >\n\t\t\t\t<div class=\"col-inner\"  >\n\t\t\t\n\t\t\t\n\n\t<div class=\"box has-hover   has-hover box-text-bottom\" >\n\n\t\t<div class=\"box-image\" >\n\t\t\t\t\t\t<div class=\"\" >\n\t\t\t\t<img loading=\"lazy\" decoding=\"async\" width=\"2251\" height=\"2251\" src=\"https:\/\/bioabzero.com\/wp-content\/uploads\/2023\/05\/Sin-titulo-1-03.jpg\" class=\"attachment- size-\" alt=\"\" srcset=\"https:\/\/bioabzero.com\/wp-content\/uploads\/2023\/05\/Sin-titulo-1-03.jpg 2251w, https:\/\/bioabzero.com\/wp-content\/uploads\/2023\/05\/Sin-titulo-1-03-300x300.jpg 300w, https:\/\/bioabzero.com\/wp-content\/uploads\/2023\/05\/Sin-titulo-1-03-1024x1024.jpg 1024w, https:\/\/bioabzero.com\/wp-content\/uploads\/2023\/05\/Sin-titulo-1-03-150x150.jpg 150w, https:\/\/bioabzero.com\/wp-content\/uploads\/2023\/05\/Sin-titulo-1-03-768x768.jpg 768w, https:\/\/bioabzero.com\/wp-content\/uploads\/2023\/05\/Sin-titulo-1-03-1536x1536.jpg 1536w, https:\/\/bioabzero.com\/wp-content\/uploads\/2023\/05\/Sin-titulo-1-03-2048x2048.jpg 2048w\" sizes=\"auto, (max-width: 2251px) 100vw, 2251px\" \/>\t\t\t\t\t\t\t\t\t\t\t<\/div>\n\t\t\t\t\t<\/div>\n\n\t\t<div class=\"box-text text-center\" >\n\t\t\t<div class=\"box-text-inner\">\n\t\t\t\t\n\n<h4>Bio Gas (Generaci\u00f3n<br \/>\nEnerg\u00e9tica)<\/p>\n\n\t\t\t<\/div>\n\t\t<\/div>\n\t<\/div>\n\t\n\n\t\t<\/div>\n\t\t\t\t\t<\/div>\n\n\t\n\n\t<div id=\"col-669346364\" class=\"col medium-4 small-12 large-4\"  >\n\t\t\t\t<div class=\"col-inner\"  >\n\t\t\t\n\t\t\t\n\n\t<div class=\"box has-hover   has-hover box-text-bottom\" >\n\n\t\t<div class=\"box-image\" >\n\t\t\t\t\t\t<div class=\"\" >\n\t\t\t\t<img loading=\"lazy\" decoding=\"async\" width=\"2251\" height=\"2251\" src=\"https:\/\/bioabzero.com\/wp-content\/uploads\/2023\/05\/Sin-titulo-1-04.jpg\" class=\"attachment- size-\" alt=\"\" srcset=\"https:\/\/bioabzero.com\/wp-content\/uploads\/2023\/05\/Sin-titulo-1-04.jpg 2251w, https:\/\/bioabzero.com\/wp-content\/uploads\/2023\/05\/Sin-titulo-1-04-300x300.jpg 300w, https:\/\/bioabzero.com\/wp-content\/uploads\/2023\/05\/Sin-titulo-1-04-1024x1024.jpg 1024w, https:\/\/bioabzero.com\/wp-content\/uploads\/2023\/05\/Sin-titulo-1-04-150x150.jpg 150w, https:\/\/bioabzero.com\/wp-content\/uploads\/2023\/05\/Sin-titulo-1-04-768x768.jpg 768w, https:\/\/bioabzero.com\/wp-content\/uploads\/2023\/05\/Sin-titulo-1-04-1536x1536.jpg 1536w, https:\/\/bioabzero.com\/wp-content\/uploads\/2023\/05\/Sin-titulo-1-04-2048x2048.jpg 2048w\" sizes=\"auto, (max-width: 2251px) 100vw, 2251px\" \/>\t\t\t\t\t\t\t\t\t\t\t<\/div>\n\t\t\t\t\t<\/div>\n\n\t\t<div class=\"box-text text-center\" >\n\t\t\t<div class=\"box-text-inner\">\n\t\t\t\t\n\n<h4>Bio Abono L\u00edquido<\/p>\n\n\t\t\t<\/div>\n\t\t<\/div>\n\t<\/div>\n\t\n\n\t\t<\/div>\n\t\t\t\t\t<\/div>\n\n\t\n\n<\/div>\n\n\t\t<\/div>\n\t\t\t\t\n<style>\n#col-1121162929 > .col-inner {\n  padding: 0px 5% 0px 5%;\n  margin: 0px 0px 0px 0px;\n}\n@media (min-width:850px) {\n  #col-1121162929 > .col-inner {\n    padding: 0px 10% 0px 10%;\n    margin: 0px 0px -15px 0px;\n  }\n}\n<\/style>\n\t<\/div>\n\n\t\n\n<\/div>\n\n\t\t<\/div>\n\t\t\t\t\t<\/div>\n\n\t\n\n\n<style>\n#row-1383746080 > .col > .col-inner {\n  padding: 0px 0px 0px 0px;\n  background-color: rgb(220, 229, 239);\n}\n<\/style>\n<\/div>\n\n\t\t<\/div>\n\n\t\t\n<style>\n#section_1285417415 {\n  padding-top: 0px;\n  padding-bottom: 0px;\n  background-color: rgb(220, 229, 239);\n}\n#section_1285417415 .ux-shape-divider--top svg {\n  height: 150px;\n  --divider-top-width: 100%;\n}\n#section_1285417415 .ux-shape-divider--bottom svg {\n  height: 150px;\n  --divider-width: 100%;\n}\n<\/style>\n\t<\/section>\n\t\n\t<section class=\"section has-parallax\" id=\"section_816305886\">\n\t\t<div class=\"bg section-bg fill bg-fill  \" data-parallax-container=\".section\" data-parallax-background data-parallax=\"-10\">\n\n\t\t\t\n\t\t\t\n\t\t\t\n\n\t\t<\/div>\n\n\t\t\n\n\t\t<div class=\"section-content relative\">\n\t\t\t\n\n\n\t\t<\/div>\n\n\t\t\n<style>\n#section_816305886 {\n  padding-top: 30px;\n  padding-bottom: 30px;\n  min-height: 250px;\n}\n#section_816305886 .section-bg.bg-loaded {\n  background-image: url(https:\/\/bioabzero.com\/wp-content\/uploads\/2023\/05\/ninos-recogen-basura-bolsas-basura-parque-scaled.jpg);\n}\n#section_816305886 .section-bg {\n  background-position: 71% 45%;\n}\n#section_816305886 .ux-shape-divider--top svg {\n  height: 150px;\n  --divider-top-width: 100%;\n}\n#section_816305886 .ux-shape-divider--bottom svg {\n  height: 150px;\n  --divider-width: 100%;\n}\n@media (min-width:550px) {\n  #section_816305886 {\n    min-height: 325px;\n  }\n}\n<\/style>\n\t<\/section>\n\t\n\t<section class=\"section\" id=\"section_40493231\">\n\t\t<div class=\"bg section-bg fill bg-fill  bg-loaded\" >\n\n\t\t\t\n\t\t\t\n\t\t\t\n\n\t\t<\/div>\n\n\t\t\n\n\t\t<div class=\"section-content relative\">\n\t\t\t\n\n\t<div id=\"gap-1882626932\" class=\"gap-element clearfix\" style=\"display:block; height:auto;\">\n\t\t\n<style>\n#gap-1882626932 {\n  padding-top: 20px;\n}\n@media (min-width:550px) {\n  #gap-1882626932 {\n    padding-top: 40px;\n  }\n}\n<\/style>\n\t<\/div>\n\t\n\n<div class=\"row\"  id=\"row-1774645234\">\n\n\n\t<div id=\"col-294658454\" class=\"col medium-4 small-12 large-4\"  >\n\t\t\t\t<div class=\"col-inner\"  >\n\t\t\t\n\t\t\t\n\n\t<div id=\"gap-1315356426\" class=\"gap-element clearfix hide-for-medium\" style=\"display:block; height:auto;\">\n\t\t\n<style>\n#gap-1315356426 {\n  padding-top: 10px;\n}\n<\/style>\n\t<\/div>\n\t\n\n\t<div id=\"text-551943309\" class=\"text\">\n\t\t\n\n<h3>Pedagog\u00eda<\/h3>\n\t\t\n<style>\n#text-551943309 {\n  font-size: 1.75rem;\n  line-height: 1.25;\n  text-align: center;\n}\n@media (min-width:850px) {\n  #text-551943309 {\n    line-height: 0.75;\n  }\n}\n<\/style>\n\t<\/div>\n\t\n\n\t\t<\/div>\n\t\t\t\t\n<style>\n#col-294658454 > .col-inner {\n  margin: 0px 0px -20px 0px;\n}\n<\/style>\n\t<\/div>\n\n\t\n\n\t<div id=\"col-1008949480\" class=\"col medium-8 small-12 large-8\"  >\n\t\t\t\t<div class=\"col-inner\"  >\n\t\t\t\n\t\t\t\n\n\t<div id=\"text-4233875949\" class=\"text\">\n\t\t\n\n<p> Componentes pedag\u00f3gicos dirigidos a  escuelas e instituciones donde se entregan  contenidos para aprender la correcta disposici\u00f3n de R.S adem\u00e1s de contenido  de preservaci\u00f3n del medio Ambiente.\u00a0<\/p>\n\t\t\n<style>\n#text-4233875949 {\n  font-size: 1.15rem;\n  text-align: center;\n}\n<\/style>\n\t<\/div>\n\t\n\n\t\t<\/div>\n\t\t\t\t\t<\/div>\n\n\t\n\n<\/div>\n\n\t\t<\/div>\n\n\t\t\n<style>\n#section_40493231 {\n  padding-top: 30px;\n  padding-bottom: 30px;\n}\n#section_40493231 .ux-shape-divider--top svg {\n  height: 150px;\n  --divider-top-width: 100%;\n}\n#section_40493231 .ux-shape-divider--bottom svg {\n  height: 150px;\n  --divider-width: 100%;\n}\n<\/style>\n\t<\/section>\n\t\n<div class=\"row row-collapse row-full-width align-equal\"  id=\"row-1399945705\">\n\n\n\t<div id=\"col-770323478\" class=\"col medium-12 small-12 large-6\"  >\n\t\t\t\t<div class=\"col-inner text-center\"  >\n\t\t\t\n\t\t\t\n\n\t<section class=\"section dark\" id=\"section_1063369514\">\n\t\t<div class=\"bg section-bg fill bg-fill  bg-loaded\" >\n\n\t\t\t\n\t\t\t\n\t\t\t\n\n\t\t<\/div>\n\n\t\t\n\n\t\t<div class=\"section-content relative\">\n\t\t\t\n\n<div class=\"row align-center\"  id=\"row-1362648074\">\n\n\n\t<div id=\"col-1749608700\" class=\"col medium-8 small-12 large-8\"  >\n\t\t\t\t<div class=\"col-inner text-center\"  >\n\t\t\t\n\t\t\t\n\n\t<div id=\"gap-378452964\" class=\"gap-element clearfix\" style=\"display:block; height:auto;\">\n\t\t\n<style>\n#gap-378452964 {\n  padding-top: 10px;\n}\n<\/style>\n\t<\/div>\n\t\n\n\n\t\t<div class=\"icon-box featured-box icon-box-center text-center\"  >\n\t\t\t\t\t<div class=\"icon-box-img\" style=\"width: 135px\">\n\t\t\t\t<div class=\"icon\">\n\t\t\t\t\t<div class=\"icon-inner\" >\n\t\t\t\t\t\t<img loading=\"lazy\" decoding=\"async\" width=\"300\" height=\"300\" src=\"https:\/\/bioabzero.com\/wp-content\/uploads\/2023\/05\/group-300x300.png\" class=\"attachment-medium size-medium\" alt=\"\" srcset=\"https:\/\/bioabzero.com\/wp-content\/uploads\/2023\/05\/group-300x300.png 300w, https:\/\/bioabzero.com\/wp-content\/uploads\/2023\/05\/group-150x150.png 150w, https:\/\/bioabzero.com\/wp-content\/uploads\/2023\/05\/group.png 384w\" sizes=\"auto, (max-width: 300px) 100vw, 300px\" \/>\t\t\t\t\t<\/div>\n\t\t\t\t<\/div>\n\t\t\t<\/div>\n\t\t\t\t<div class=\"icon-box-text last-reset\">\n\t\t\t\t\t\t\t\t\t\n\n\t<div id=\"text-330595558\" class=\"text\">\n\t\t\n\n<h3>Componente Social<\/h3>\n\t\t\n<style>\n#text-330595558 {\n  font-size: 1.5rem;\n}\n<\/style>\n\t<\/div>\n\t\n<p>dirigido a fortalecer capacitar y tecnificar las cooperativas de reciclaje y sus asociados para general cadenas de valor competitivas y dignificar la labor.<\/p>\n\n\t\t<\/div>\n\t<\/div>\n\t\n\t\n\t<div id=\"gap-1661038031\" class=\"gap-element clearfix\" style=\"display:block; height:auto;\">\n\t\t\n<style>\n#gap-1661038031 {\n  padding-top: 10px;\n}\n<\/style>\n\t<\/div>\n\t\n\n\n\t\t<\/div>\n\t\t\t\t\n<style>\n#col-1749608700 > .col-inner {\n  padding: 0px 0px 0px 0px;\n  margin: 0px 0px 0px 0px;\n}\n<\/style>\n\t<\/div>\n\n\t\n\n<\/div>\n\n\t\t<\/div>\n\n\t\t\n<style>\n#section_1063369514 {\n  padding-top: 70px;\n  padding-bottom: 70px;\n  background-color: #91bb08;\n}\n#section_1063369514 .ux-shape-divider--top svg {\n  height: 150px;\n  --divider-top-width: 100%;\n}\n#section_1063369514 .ux-shape-divider--bottom svg {\n  height: 150px;\n  --divider-width: 100%;\n}\n@media (min-width:550px) {\n  #section_1063369514 {\n    padding-top: 140px;\n    padding-bottom: 140px;\n  }\n}\n<\/style>\n\t<\/section>\n\t\n\n\t\t<\/div>\n\t\t\t\t\t<\/div>\n\n\t\n\n\t<div id=\"col-1079726995\" class=\"col medium-12 small-12 large-6\"  >\n\t\t\t\t<div class=\"col-inner text-center\"  >\n\t\t\t\n\t\t\t\n\n\t<section class=\"section dark\" id=\"section_388604275\">\n\t\t<div class=\"bg section-bg fill bg-fill  bg-loaded\" >\n\n\t\t\t\n\t\t\t\n\t\t\t\n\n\t\t<\/div>\n\n\t\t\n\n\t\t<div class=\"section-content relative\">\n\t\t\t\n\n<div class=\"row align-center\"  id=\"row-1924001701\">\n\n\n\t<div id=\"col-1203637684\" class=\"col medium-11 small-12 large-11\"  >\n\t\t\t\t<div class=\"col-inner text-center\"  >\n\t\t\t\n\t\t\t\n\n\t<div id=\"gap-1969595796\" class=\"gap-element clearfix\" style=\"display:block; height:auto;\">\n\t\t\n<style>\n#gap-1969595796 {\n  padding-top: 10px;\n}\n<\/style>\n\t<\/div>\n\t\n\n\n\t\t<div class=\"icon-box featured-box icon-box-center text-center\"  >\n\t\t\t\t\t<div class=\"icon-box-img\" style=\"width: 135px\">\n\t\t\t\t<div class=\"icon\">\n\t\t\t\t\t<div class=\"icon-inner\" >\n\t\t\t\t\t\t<img loading=\"lazy\" decoding=\"async\" width=\"300\" height=\"300\" src=\"https:\/\/bioabzero.com\/wp-content\/uploads\/2023\/05\/lab-300x300.png\" class=\"attachment-medium size-medium\" alt=\"\" srcset=\"https:\/\/bioabzero.com\/wp-content\/uploads\/2023\/05\/lab-300x300.png 300w, https:\/\/bioabzero.com\/wp-content\/uploads\/2023\/05\/lab-150x150.png 150w, https:\/\/bioabzero.com\/wp-content\/uploads\/2023\/05\/lab.png 512w\" sizes=\"auto, (max-width: 300px) 100vw, 300px\" \/>\t\t\t\t\t<\/div>\n\t\t\t\t<\/div>\n\t\t\t<\/div>\n\t\t\t\t<div class=\"icon-box-text last-reset\">\n\t\t\t\t\t\t\t\t\t\n\n\t<div id=\"text-2526670987\" class=\"text\">\n\t\t\n\n<h3><span style=\"color: #333333;\">Componente Tecnol\u00f3gico <\/span><\/h3>\n\t\t\n<style>\n#text-2526670987 {\n  font-size: 1.5rem;\n}\n<\/style>\n\t<\/div>\n\t\n<p><span style=\"color: #333333;\">Componente Tecnol\u00f3gico industrial. Este modulo es exclusivo e gerencia y socios permite administrar y gestionar las plantas de transformaci\u00f3n y aprovechamiento. Manteniendo control del ciclo de producci\u00f3n y los flujos de informaci\u00f3n para toma de decisiones.<\/span><\/p>\n\n\t\t<\/div>\n\t<\/div>\n\t\n\t\n\t<div id=\"gap-405530123\" class=\"gap-element clearfix\" style=\"display:block; height:auto;\">\n\t\t\n<style>\n#gap-405530123 {\n  padding-top: 10px;\n}\n<\/style>\n\t<\/div>\n\t\n\n\n\t\t<\/div>\n\t\t\t\t\n<style>\n#col-1203637684 > .col-inner {\n  padding: 0px 0px 0px 0px;\n  margin: 0px 0px 0px 0px;\n}\n<\/style>\n\t<\/div>\n\n\t\n\n<\/div>\n\n\t\t<\/div>\n\n\t\t\n<style>\n#section_388604275 {\n  padding-top: 70px;\n  padding-bottom: 70px;\n  background-color: rgb(220, 229, 239);\n}\n#section_388604275 .ux-shape-divider--top svg {\n  height: 150px;\n  --divider-top-width: 100%;\n}\n#section_388604275 .ux-shape-divider--bottom svg {\n  height: 150px;\n  --divider-width: 100%;\n}\n@media (min-width:550px) {\n  #section_388604275 {\n    padding-top: 140px;\n    padding-bottom: 140px;\n  }\n}\n<\/style>\n\t<\/section>\n\t\n\n\t\t<\/div>\n\t\t\t\t\t<\/div>\n\n\t\n\n<\/div>\n\n","protected":false},"excerpt":{"rendered":"","protected":false},"author":1,"featured_media":0,"parent":0,"menu_order":0,"comment_status":"closed","ping_status":"closed","template":"page-blank.php","meta":{"footnotes":""},"class_list":["post-240","page","type-page","status-publish","hentry"],"_links":{"self":[{"href":"https:\/\/bioabzero.com\/index.php\/wp-json\/wp\/v2\/pages\/240","targetHints":{"allow":["GET"]}}],"collection":[{"href":"https:\/\/bioabzero.com\/index.php\/wp-json\/wp\/v2\/pages"}],"about":[{"href":"https:\/\/bioabzero.com\/index.php\/wp-json\/wp\/v2\/types\/page"}],"author":[{"embeddable":true,"href":"https:\/\/bioabzero.com\/index.php\/wp-json\/wp\/v2\/users\/1"}],"replies":[{"embeddable":true,"href":"https:\/\/bioabzero.com\/index.php\/wp-json\/wp\/v2\/comments?post=240"}],"version-history":[{"count":25,"href":"https:\/\/bioabzero.com\/index.php\/wp-json\/wp\/v2\/pages\/240\/revisions"}],"predecessor-version":[{"id":430,"href":"https:\/\/bioabzero.com\/index.php\/wp-json\/wp\/v2\/pages\/240\/revisions\/430"}],"wp:attachment":[{"href":"https:\/\/bioabzero.com\/index.php\/wp-json\/wp\/v2\/media?parent=240"}],"curies":[{"name":"wp","href":"https:\/\/api.w.org\/{rel}","templated":true}]}}